{"id":25,"date":"2026-01-12T11:19:32","date_gmt":"2026-01-12T11:19:32","guid":{"rendered":"https:\/\/www.chemtropy.com.tr\/?page_id=25"},"modified":"2026-01-12T11:24:10","modified_gmt":"2026-01-12T11:24:10","slug":"iletisim","status":"publish","type":"page","link":"http:\/\/www.chemtropy.com.tr\/index.php\/iletisim\/","title":{"rendered":"\u0130leti\u015fim"},"content":{"rendered":"\n<p>S\u00d6\u011e\u00dcT\u00d6Z\u00dc MAH. 9 EYL\u00dcL CAD. NO: 4 \u0130\u00c7 KAPI NO: 1<br>\u00c7ANKAYA\/ ANKARA<\/p>\n\n\n\n<p>info@chemtropy.com.tr<\/p>\n\n\n\n<p>+90 505 767 44 17<\/p>\n\n\n\n<p>+90 532 435 44 17<\/p>\n","protected":false},"excerpt":{"rendered":"<p>S\u00d6\u011e\u00dcT\u00d6Z\u00dc MAH. 9 EYL\u00dcL CAD. NO: 4 \u0130\u00c7 KAPI NO: 1\u00c7ANKAYA\/ ANKARA info@chemtropy.com.tr +90 505 767 44 17 +90 532 435 44 17<\/p>\n","protected":false},"author":1,"featured_media":0,"parent":0,"menu_order":0,"comment_status":"closed","ping_status":"closed","template":"","meta":{"footnotes":""},"class_list":["post-25","page","type-page","status-publish","hentry"],"_links":{"self":[{"href":"http:\/\/www.chemtropy.com.tr\/index.php\/wp-json\/wp\/v2\/pages\/25","targetHints":{"allow":["GET"]}}],"collection":[{"href":"http:\/\/www.chemtropy.com.tr\/index.php\/wp-json\/wp\/v2\/pages"}],"about":[{"href":"http:\/\/www.chemtropy.com.tr\/index.php\/wp-json\/wp\/v2\/types\/page"}],"author":[{"embeddable":true,"href":"http:\/\/www.chemtropy.com.tr\/index.php\/wp-json\/wp\/v2\/users\/1"}],"replies":[{"embeddable":true,"href":"http:\/\/www.chemtropy.com.tr\/index.php\/wp-json\/wp\/v2\/comments?post=25"}],"version-history":[{"count":2,"href":"http:\/\/www.chemtropy.com.tr\/index.php\/wp-json\/wp\/v2\/pages\/25\/revisions"}],"predecessor-version":[{"id":33,"href":"http:\/\/www.chemtropy.com.tr\/index.php\/wp-json\/wp\/v2\/pages\/25\/revisions\/33"}],"wp:attachment":[{"href":"http:\/\/www.chemtropy.com.tr\/index.php\/wp-json\/wp\/v2\/media?parent=25"}],"curies":[{"name":"wp","href":"https:\/\/api.w.org\/{rel}","templated":true}]}}